{"id":1115,"date":"2017-08-16T13:59:39","date_gmt":"2017-08-16T13:59:39","guid":{"rendered":"https:\/\/voltmotor.com.tr\/iletisim\/"},"modified":"2025-07-16T07:55:05","modified_gmt":"2025-07-16T07:55:05","slug":"contact","status":"publish","type":"page","link":"https:\/\/voltmotor.com.tr\/en\/contact\/","title":{"rendered":"CONTACT"},"content":{"rendered":"<p>[vc_row css_animation=&#8221;&#8221; row_type=&#8221;row&#8221; use_row_as_full_screen_section=&#8221;no&#8221; type=&#8221;grid&#8221; angled_section=&#8221;no&#8221; text_align=&#8221;left&#8221; background_image_as_pattern=&#8221;without_pattern&#8221; padding_top=&#8221;40&#8243;][vc_column width=&#8221;1\/2&#8243;][vc_column_text]<\/p>\n<h4 style=\"text-transform: none;\">Contact Information<\/h4>\n<p>[\/vc_column_text][vc_separator type=&#8221;small&#8221; position=&#8221;left&#8221; width_in_percentages=&#8221;yes&#8221; color=&#8221;#00579d&#8221; thickness=&#8221;3&#8243; width=&#8221;7&#8243; up=&#8221;5&#8243; down=&#8221;15&#8243;][vc_column_text]Kaz\u0131m Karabekir Cad. No:84 Kemalpa\u015fa<br \/>\n35735 \u0130zmir \/ T\u00fcrkiye<\/p>\n<p><a style=\"color: #00579d;\" href=\"https:\/\/www.google.com.tr\/maps\/dir\/\/Volt+Elektrik+Motorlar\u0131,+Kaz\u0131m+Karabekir+Cd.+No:84,+35735+Kemalpa\u015fa+Osb%2FKemalpa\u015fa%2F\u0130zmir\/@38.4673203,27.3551524,17z\/data=!4m15!1m6!3m5!1s0x14b97cdf1bfbc73f:0xc64b0e0175e238d5!2sVolt+Elektrik+Motorlar\u0131!8m2!3d38.4673203!4d27.3573411!4m7!1m0!1m5!1m1!1s0x14b97cdf1bfbc73f:0xc64b0e0175e238d5!2m2!1d27.3573411!2d38.4673203?hl=en\" target=\"_blank\" rel=\"noopener\">Click to for directions<\/a><\/p>\n<p>E-mail: <a href=\"mailto:info@volt.weg.net\">info@volt.weg.net<\/a><\/p>\n<p>Tel: <a href=\"tel:+902328771060\">+90 (232) 877 10 60 (pbx)<\/a><\/p>\n<p>Fax: +90 (232) 877 10 59[\/vc_column_text][vc_separator type=&#8221;transparent&#8221; up=&#8221;10&#8243; down=&#8221;10&#8243;]<span class='q_social_icon_holder normal_social' ><a itemprop='url' href='https:\/\/www.facebook.com\/voltmotor' target='_blank'><i class=\"qode_icon_font_awesome fa fa-facebook fa-2x simple_social\" style=\"margin: 0 13px 0 0;\" ><\/i><\/a><\/span>[\/vc_column][vc_column width=&#8221;1\/2&#8243;][vc_column_text]<\/p>\n<h4 style=\"text-transform: none;\">Contact Us<\/h4>\n<p>[\/vc_column_text][vc_separator type=&#8221;small&#8221; position=&#8221;left&#8221; width_in_percentages=&#8221;yes&#8221; color=&#8221;#00579d&#8221; thickness=&#8221;3&#8243; width=&#8221;7&#8243; up=&#8221;5&#8243; down=&#8221;15&#8243;]<div role=\"form\" class=\"wpcf7\" id=\"wpcf7-f1155-o1\" lang=\"tr-TR\" dir=\"ltr\">\n<div class=\"screen-reader-response\"><p role=\"status\" aria-live=\"polite\" aria-atomic=\"true\"><\/p> <ul><\/ul><\/div>\n<form action=\"\/en\/wp-json\/wp\/v2\/pages\/1115#wpcf7-f1155-o1\" method=\"post\" class=\"wpcf7-form init cf7_custom_style_1\" novalidate=\"novalidate\" data-status=\"init\">\n<div style=\"display: none;\">\n<input type=\"hidden\" name=\"_wpcf7\" value=\"1155\" \/>\n<input type=\"hidden\" name=\"_wpcf7_version\" value=\"5.5.4\" \/>\n<input type=\"hidden\" name=\"_wpcf7_locale\" value=\"tr_TR\" \/>\n<input type=\"hidden\" name=\"_wpcf7_unit_tag\" value=\"wpcf7-f1155-o1\" \/>\n<input type=\"hidden\" name=\"_wpcf7_container_post\" value=\"0\" \/>\n<input type=\"hidden\" name=\"_wpcf7_posted_data_hash\" value=\"\" \/>\n<input type=\"hidden\" name=\"_wpcf7cf_hidden_group_fields\" value=\"\" \/>\n<input type=\"hidden\" name=\"_wpcf7cf_hidden_groups\" value=\"\" \/>\n<input type=\"hidden\" name=\"_wpcf7cf_visible_groups\" value=\"\" \/>\n<input type=\"hidden\" name=\"_wpcf7cf_repeaters\" value=\"[]\" \/>\n<input type=\"hidden\" name=\"_wpcf7cf_steps\" value=\"{}\" \/>\n<input type=\"hidden\" name=\"_wpcf7cf_options\" value=\"{&quot;form_id&quot;:1155,&quot;conditions&quot;:[{&quot;then_field&quot;:&quot;grupbtn&quot;,&quot;and_rules&quot;:[{&quot;if_field&quot;:&quot;kisiselverionay&quot;,&quot;operator&quot;:&quot;equals&quot;,&quot;if_value&quot;:&quot;1&quot;}]},{&quot;then_field&quot;:&quot;disablegrup&quot;,&quot;and_rules&quot;:[{&quot;if_field&quot;:&quot;kisiselverionay&quot;,&quot;operator&quot;:&quot;equals&quot;,&quot;if_value&quot;:&quot;&quot;}]}],&quot;settings&quot;:{&quot;animation&quot;:&quot;yes&quot;,&quot;animation_intime&quot;:200,&quot;animation_outtime&quot;:200,&quot;conditions_ui&quot;:&quot;normal&quot;,&quot;notice_dismissed&quot;:false}}\" \/>\n<\/div>\n<p><label><span class=\"wpcf7-form-control-wrap your-name\"><input type=\"text\" name=\"your-name\" value=\"\" size=\"40\" class=\"wpcf7-form-control wpcf7-text wpcf7-validates-as-required\" aria-required=\"true\" aria-invalid=\"false\" placeholder=\"Your Name\" \/><\/span> <\/label><\/p>\n<p><label><span class=\"wpcf7-form-control-wrap your-email\"><input type=\"email\" name=\"your-email\" value=\"\" size=\"40\" class=\"wpcf7-form-control wpcf7-text wpcf7-email wpcf7-validates-as-required wpcf7-validates-as-email\" aria-required=\"true\" aria-invalid=\"false\" placeholder=\"E-mail\" \/><\/span> <\/label><\/p>\n<p><label><span class=\"wpcf7-form-control-wrap your-subject\"><input type=\"text\" name=\"your-subject\" value=\"\" size=\"40\" class=\"wpcf7-form-control wpcf7-text\" aria-invalid=\"false\" placeholder=\"Subject\" \/><\/span> <\/label><\/p>\n<p><label><span class=\"wpcf7-form-control-wrap your-message\"><textarea name=\"your-message\" cols=\"40\" rows=\"5\" class=\"wpcf7-form-control wpcf7-textarea\" aria-invalid=\"false\" placeholder=\"Your Message\"><\/textarea><\/span> <\/label><\/p>\n<p><span class=\"wpcf7-form-control-wrap emailbilgi\"><span class=\"wpcf7-form-control wpcf7-checkbox wpcf7-validates-as-required\"><span class=\"wpcf7-list-item first last\"><input type=\"checkbox\" name=\"emailbilgi[]\" value=\"I want to be informed via e-mail.\" \/><span class=\"wpcf7-list-item-label\">I want to be informed via e-mail.<\/span><\/span><\/span><\/span><\/p>\n<p><span class=\"wpcf7-form-control-wrap kisiselverionay\"><span class=\"wpcf7-form-control wpcf7-acceptance\"><span class=\"wpcf7-list-item\"><label><input type=\"checkbox\" name=\"kisiselverionay\" value=\"1\" aria-invalid=\"false\" \/><span class=\"wpcf7-list-item-label\">I have read <a class=\"b21\" style=\"font-weight:bold;cursor:pointer\">Privacy Information and Explicit Consent Text<\/a> regarding personal data protection and processing, and I consent my personal data to be processed by VOLT MOTOR for the purposes of managing advertisement\/campaign\/promotion processes and managing marketing process of products\/services, and to be transferred to group companies, affiliates and subsidiaries and related business partners of VOLT MOTOR, limited to these purposes.<\/span><\/label><\/span><\/span><\/span><\/p>\n<p><span class=\"wpcf7-form-control-wrap duyuruistek\"><span class=\"wpcf7-form-control wpcf7-acceptance\"><span class=\"wpcf7-list-item\"><label><input type=\"checkbox\" name=\"duyuruistek\" value=\"1\" aria-invalid=\"false\" \/><span class=\"wpcf7-list-item-label\">I have read <a class=\"promosyonen\" style=\"font-weight:bold;cursor:pointer\">Privacy Information and Explicit Consent Text<\/a> regarding sending electronic commercial messages, and I consent VOLT MOTOR to send electronic commercial messages for the purposes of managing advertisement\/campaign\/promotion processes and managing marketing process of products\/services, and to make announcements for the purposes of promotion and marketing.<\/span><\/label><\/span><\/span><\/span><\/p>\n<div data-id=\"disablegrup\" data-orig_data_id=\"disablegrup\" data-clear_on_hide data-class=\"wpcf7cf_group\">\n<span class=\"disablebtn\">Please Consent Privacy Information Before Sending the Form.<\/span>\n<\/div>\n<div data-id=\"grupbtn\" data-orig_data_id=\"grupbtn\"  data-class=\"wpcf7cf_group\">\n<input type=\"submit\" value=\"Send\" class=\"wpcf7-form-control has-spinner wpcf7-submit ibtn\" \/>\n<\/div>\n<p style=\"display: none !important;\" class=\"akismet-fields-container\" data-prefix=\"_wpcf7_ak_\"><label>&#916;<textarea name=\"_wpcf7_ak_hp_textarea\" cols=\"45\" rows=\"8\" maxlength=\"100\"><\/textarea><\/label><input type=\"hidden\" id=\"ak_js_1\" name=\"_wpcf7_ak_js\" value=\"80\"\/><script>document.getElementById( \"ak_js_1\" ).setAttribute( \"value\", ( new Date() ).getTime() );<\/script><\/p><input type='hidden' class='wpcf7-pum' value='{\"closepopup\":false,\"closedelay\":0,\"openpopup\":false,\"openpopup_id\":0}' \/><div class=\"wpcf7-response-output\" aria-hidden=\"true\"><\/div><\/form><\/div>[\/vc_column][\/vc_row][vc_row css_animation=&#8221;&#8221; row_type=&#8221;row&#8221; use_row_as_full_screen_section=&#8221;no&#8221; type=&#8221;full_width&#8221; angled_section=&#8221;no&#8221; text_align=&#8221;left&#8221; background_image_as_pattern=&#8221;without_pattern&#8221;][vc_column][vc_gmaps link=&#8221;#E-8_JTNDaWZyYW1lJTIwc3JjJTNEJTIyaHR0cHMlM0ElMkYlMkZ3d3cuZ29vZ2xlLmNvbSUyRm1hcHMlMkZlbWJlZCUzRnBiJTNEJTIxMW0xOCUyMTFtMTIlMjExbTMlMjExZDMxMjMuODgwNDkwMjQ4OTM5JTIxMmQyNy4zNTUxNTI0MTYxNjYxMzUlMjEzZDM4LjQ2NzMyMDI3OTYzOTMlMjEybTMlMjExZjAlMjEyZjAlMjEzZjAlMjEzbTIlMjExaTEwMjQlMjEyaTc2OCUyMTRmMTMuMSUyMTNtMyUyMTFtMiUyMTFzMHgxNGI5N2NkZjFiZmJjNzNmJTI1M0EweGM2NGIwZTAxNzVlMjM4ZDUlMjEyc1ZvbHQlMkJFbGVrdHJpayUyQk1vdG9ybGFyJTI1QzQlMjVCMSUyMTVlMCUyMTNtMiUyMTFzdHIlMjEyc3RyJTIxNHYxNTA3NzkyODU1NzkwJTIyJTIwd2lkdGglM0QlMjI2MDAlMjIlMjBoZWlnaHQlM0QlMjI0NTAlMjIlMjBmcmFtZWJvcmRlciUzRCUyMjAlMjIlMjBzdHlsZSUzRCUyMmJvcmRlciUzQTAlMjIlMjBhbGxvd2Z1bGxzY3JlZW4lM0UlM0MlMkZpZnJhbWUlM0U=&#8221;][\/vc_column][\/vc_row]<\/p>\n","protected":false},"excerpt":{"rendered":"<p>[vc_row css_animation=&#8221;&#8221; row_type=&#8221;row&#8221; use_row_as_full_screen_section=&#8221;no&#8221; type=&#8221;grid&#8221; angled_section=&#8221;no&#8221; text_align=&#8221;left&#8221; background_image_as_pattern=&#8221;without_pattern&#8221; padding_top=&#8221;40&#8243;][vc_column width=&#8221;1\/2&#8243;][vc_column_text] Contact Information [\/vc_column_text][vc_separator type=&#8221;small&#8221; position=&#8221;left&#8221; width_in_percentages=&#8221;yes&#8221; color=&#8221;#00579d&#8221; thickness=&#8221;3&#8243; width=&#8221;7&#8243; up=&#8221;5&#8243; down=&#8221;15&#8243;][vc_column_text]Kaz\u0131m Karabekir Cad. No:84 Kemalpa\u015fa 35735 \u0130zmir \/ T\u00fcrkiye Click to for directions E-mail: info@volt.weg.net Tel: +90 (232) 877 10 60 (pbx) Fax: +90 (232)&#8230;<\/p>\n","protected":false},"author":1,"featured_media":0,"parent":0,"menu_order":0,"comment_status":"closed","ping_status":"closed","template":"full_width.php","meta":{"_exactmetrics_skip_tracking":false,"_exactmetrics_sitenote_active":false,"_exactmetrics_sitenote_note":"","_exactmetrics_sitenote_category":0,"footnotes":""},"acf":[],"_links":{"self":[{"href":"https:\/\/voltmotor.com.tr\/en\/wp-json\/wp\/v2\/pages\/1115"}],"collection":[{"href":"https:\/\/voltmotor.com.tr\/en\/wp-json\/wp\/v2\/pages"}],"about":[{"href":"https:\/\/voltmotor.com.tr\/en\/wp-json\/wp\/v2\/types\/page"}],"author":[{"embeddable":true,"href":"https:\/\/voltmotor.com.tr\/en\/wp-json\/wp\/v2\/users\/1"}],"replies":[{"embeddable":true,"href":"https:\/\/voltmotor.com.tr\/en\/wp-json\/wp\/v2\/comments?post=1115"}],"version-history":[{"count":3,"href":"https:\/\/voltmotor.com.tr\/en\/wp-json\/wp\/v2\/pages\/1115\/revisions"}],"predecessor-version":[{"id":79835,"href":"https:\/\/voltmotor.com.tr\/en\/wp-json\/wp\/v2\/pages\/1115\/revisions\/79835"}],"wp:attachment":[{"href":"https:\/\/voltmotor.com.tr\/en\/wp-json\/wp\/v2\/media?parent=1115"}],"curies":[{"name":"wp","href":"https:\/\/api.w.org\/{rel}","templated":true}]}}