{"id":25469,"date":"2020-06-03T15:01:39","date_gmt":"2020-06-03T15:01:39","guid":{"rendered":"https:\/\/voltmotor.com.tr\/kisisel-veri-sahibi-basvuru-formu\/"},"modified":"2020-06-30T10:21:33","modified_gmt":"2020-06-30T10:21:33","slug":"data-subject-application-form","status":"publish","type":"page","link":"https:\/\/voltmotor.com.tr\/en\/data-subject-application-form\/","title":{"rendered":"Data Subject Application Form"},"content":{"rendered":"<p>[vc_row css_animation=&#8221;&#8221; row_type=&#8221;row&#8221; use_row_as_full_screen_section=&#8221;no&#8221; type=&#8221;full_width&#8221; angled_section=&#8221;no&#8221; text_align=&#8221;left&#8221; background_image_as_pattern=&#8221;without_pattern&#8221; padding_bottom=&#8221;10&#8243;][vc_column][vc_column_text el_class=&#8221;corpinside_title_bg&#8221;]<h2 style=\"font-weight:500;font-size:36px\">Data Subject Application Form<\/h2>[\/vc_column_text][vc_separator type=&#8221;transparent&#8221; up=&#8221;12&#8243; down=&#8221;12&#8243;][\/vc_column][\/vc_row][vc_row css_animation=&#8221;&#8221; row_type=&#8221;row&#8221; use_row_as_full_screen_section=&#8221;no&#8221; type=&#8221;full_width&#8221; angled_section=&#8221;no&#8221; text_align=&#8221;left&#8221; background_image_as_pattern=&#8221;without_pattern&#8221; padding_bottom=&#8221;50&#8243;][vc_column width=&#8221;1\/4&#8243; el_class=&#8221;solmenu&#8221;][vc_widget_sidebar sidebar_id=&#8221;KVK_Bar&#8221;][\/vc_column][vc_column width=&#8221;3\/4&#8243;]<div role=\"form\" class=\"wpcf7\" id=\"wpcf7-f25468-o1\" lang=\"tr-TR\" dir=\"ltr\">\n<div class=\"screen-reader-response\"><p role=\"status\" aria-live=\"polite\" aria-atomic=\"true\"><\/p> <ul><\/ul><\/div>\n<form action=\"\/en\/wp-json\/wp\/v2\/pages\/25469#wpcf7-f25468-o1\" method=\"post\" class=\"wpcf7-form init cf7_custom_style_2\" novalidate=\"novalidate\" data-status=\"init\">\n<div style=\"display: none;\">\n<input type=\"hidden\" name=\"_wpcf7\" value=\"25468\" \/>\n<input type=\"hidden\" name=\"_wpcf7_version\" value=\"5.5.4\" \/>\n<input type=\"hidden\" name=\"_wpcf7_locale\" value=\"tr_TR\" \/>\n<input type=\"hidden\" name=\"_wpcf7_unit_tag\" value=\"wpcf7-f25468-o1\" \/>\n<input type=\"hidden\" name=\"_wpcf7_container_post\" value=\"0\" \/>\n<input type=\"hidden\" name=\"_wpcf7_posted_data_hash\" value=\"\" \/>\n<input type=\"hidden\" name=\"_wpcf7cf_hidden_group_fields\" value=\"\" \/>\n<input type=\"hidden\" name=\"_wpcf7cf_hidden_groups\" value=\"\" \/>\n<input type=\"hidden\" name=\"_wpcf7cf_visible_groups\" value=\"\" \/>\n<input type=\"hidden\" name=\"_wpcf7cf_repeaters\" value=\"[]\" \/>\n<input type=\"hidden\" name=\"_wpcf7cf_steps\" value=\"{}\" \/>\n<input type=\"hidden\" name=\"_wpcf7cf_options\" value=\"{&quot;form_id&quot;:25468,&quot;conditions&quot;:[{&quot;then_field&quot;:&quot;sirketiliskialan&quot;,&quot;and_rules&quot;:[{&quot;if_field&quot;:&quot;sirketiliski&quot;,&quot;operator&quot;:&quot;equals&quot;,&quot;if_value&quot;:&quot;Other&quot;}]}],&quot;settings&quot;:{&quot;animation&quot;:&quot;yes&quot;,&quot;animation_intime&quot;:200,&quot;animation_outtime&quot;:200,&quot;conditions_ui&quot;:&quot;normal&quot;,&quot;notice_dismissed&quot;:false}}\" \/>\n<\/div>\n<p><b>This form is not a job application form prepared to evaluate the application processes of employee candidates;<\/b> It was created for data owners who think that their Personal Data is Processed in accordance with the legislation on Protection of Personal Data. In line with your requests regarding your personal data processed by VOLT MOTOR, evaluate the following points and fill the form.\u201d<\/p>\n<table border=\"0\" width=\"100%\" class=\"kvkform\">\n<tr>\n<td colspan=\"2\" class=\"baslik\">1.IDENTITY AND CONTACT INFORMATION<\/td>\n<\/tr>\n<tr>\n<td width=\"200\">Name-Surname<\/td>\n<td><span class=\"wpcf7-form-control-wrap adsoyad\"><input type=\"text\" name=\"adsoyad\" value=\"\" size=\"40\" class=\"wpcf7-form-control wpcf7-text wpcf7-validates-as-required\" aria-required=\"true\" aria-invalid=\"false\" placeholder=\"Name-Surname\" \/><\/span><\/td>\n<\/tr>\n<tr>\n<td width=\"200\">TC Identification Number <br>(Passport number for other nationalities)<\/td>\n<td><span class=\"wpcf7-form-control-wrap tcno\"><input type=\"text\" name=\"tcno\" value=\"\" size=\"40\" class=\"wpcf7-form-control wpcf7-text wpcf7-validates-as-required\" aria-required=\"true\" aria-invalid=\"false\" placeholder=\"TC Identification Number\" \/><\/span><\/td>\n<\/tr>\n<tr>\n<td width=\"200\">Mobile<\/td>\n<td><span class=\"wpcf7-form-control-wrap cepno\"><input type=\"text\" name=\"cepno\" value=\"\" size=\"40\" class=\"wpcf7-form-control wpcf7-text wpcf7-validates-as-required\" aria-required=\"true\" aria-invalid=\"false\" placeholder=\"Mobile\" \/><\/span><\/td>\n<\/tr>\n<tr>\n<td width=\"200\">Fax<\/td>\n<td><span class=\"wpcf7-form-control-wrap faks\"><input type=\"text\" name=\"faks\" value=\"\" size=\"40\" class=\"wpcf7-form-control wpcf7-text\" aria-invalid=\"false\" placeholder=\"Fax\" \/><\/span><\/td>\n<\/tr>\n<tr>\n<td width=\"200\">Email<\/td>\n<td><span class=\"wpcf7-form-control-wrap eposta\"><input type=\"email\" name=\"eposta\" value=\"\" size=\"40\" class=\"wpcf7-form-control wpcf7-text wpcf7-email wpcf7-validates-as-required wpcf7-validates-as-email\" aria-required=\"true\" aria-invalid=\"false\" placeholder=\"Email\" \/><\/span><\/td>\n<\/tr>\n<tr>\n<td width=\"200\">Address<\/td>\n<td><span class=\"wpcf7-form-control-wrap adres\"><textarea name=\"adres\" cols=\"40\" rows=\"5\" class=\"wpcf7-form-control wpcf7-textarea wpcf7-validates-as-required\" aria-required=\"true\" aria-invalid=\"false\"><\/textarea><\/span><\/td>\n<\/tr>\n<tr>\n<td colspan=\"2\" class=\"baslik\">2. YOUR RELATIONSHIP WITH OUR COMPANY<\/td>\n<\/tr>\n<tr>\n<td colspan=\"2\">\n<table border=\"0\" width=\"100%\">\n<tr>\n<td><span class=\"wpcf7-form-control-wrap sirketiliski\"><span class=\"wpcf7-form-control wpcf7-radio\"><span class=\"wpcf7-list-item first\"><input type=\"radio\" name=\"sirketiliski\" value=\"Customer\" checked=\"checked\" \/><span class=\"wpcf7-list-item-label\">Customer<\/span><\/span><span class=\"wpcf7-list-item\"><input type=\"radio\" name=\"sirketiliski\" value=\"Employee\" \/><span class=\"wpcf7-list-item-label\">Employee<\/span><\/span><span class=\"wpcf7-list-item last\"><input type=\"radio\" name=\"sirketiliski\" value=\"Former Employee\" \/><span class=\"wpcf7-list-item-label\">Former Employee<\/span><\/span><\/span><\/span><\/td>\n<td><span class=\"wpcf7-form-control-wrap sirketiliski\"><span class=\"wpcf7-form-control wpcf7-radio\"><span class=\"wpcf7-list-item first\"><input type=\"radio\" name=\"sirketiliski\" value=\"Potential Employee\" \/><span class=\"wpcf7-list-item-label\">Potential Employee<\/span><\/span><span class=\"wpcf7-list-item\"><input type=\"radio\" name=\"sirketiliski\" value=\"Visitor\" \/><span class=\"wpcf7-list-item-label\">Visitor<\/span><\/span><span class=\"wpcf7-list-item last\"><input type=\"radio\" name=\"sirketiliski\" value=\"Other\" \/><span class=\"wpcf7-list-item-label\">Other<\/span><\/span><\/span><\/span><\/p>\n<div data-id=\"sirketiliskialan\" data-orig_data_id=\"sirketiliskialan\" data-clear_on_hide data-class=\"wpcf7cf_group\">\n<span class=\"wpcf7-form-control-wrap sirketiliskidiger\"><input type=\"text\" name=\"sirketiliskidiger\" value=\"\" size=\"40\" class=\"wpcf7-form-control wpcf7-text\" aria-invalid=\"false\" \/><\/span>\n<\/div>\n<\/td>\n<\/tr>\n<\/table>\n<\/td>\n<\/tr>\n<tr>\n<td colspan=\"2\" class=\"baslik\">3. SUBJECT<\/td>\n<\/tr>\n<tr>\n<td colspan=\"2\">\n<table border=\"0\" width=\"100%\" class=\"kvkform\">\n<tr>\n<td>1) Is my personal data processed?<\/td>\n<td width=\"30\"><span class=\"wpcf7-form-control-wrap konu_1\"><span class=\"wpcf7-form-control wpcf7-checkbox wpcf7-validates-as-required\"><span class=\"wpcf7-list-item first last\"><span class=\"wpcf7-list-item-label\">Is my personal data processed?<\/span><input type=\"checkbox\" name=\"konu_1[]\" value=\"Is my personal data processed?\" \/><\/span><\/span><\/span><\/td>\n<\/tr>\n<tr>\n<td>2) I would like to have information about my processed personal data.<\/td>\n<td width=\"30\"><span class=\"wpcf7-form-control-wrap konu_2\"><span class=\"wpcf7-form-control wpcf7-checkbox wpcf7-validates-as-required\"><span class=\"wpcf7-list-item first last\"><span class=\"wpcf7-list-item-label\">I would like to have information about my processed personal data.<\/span><input type=\"checkbox\" name=\"konu_2[]\" value=\"I would like to have information about my processed personal data.\" \/><\/span><\/span><\/span><\/td>\n<\/tr>\n<tr>\n<td>3) I would like to learn the purposes for the processing of my personal data and whether it is used under these purposes.<\/td>\n<td width=\"30\"><span class=\"wpcf7-form-control-wrap konu_3\"><span class=\"wpcf7-form-control wpcf7-checkbox wpcf7-validates-as-required\"><span class=\"wpcf7-list-item first last\"><span class=\"wpcf7-list-item-label\">I would like to learn the purposes for the processing of my personal data and whether it is used under these purposes.<\/span><input type=\"checkbox\" name=\"konu_3[]\" value=\"I would like to learn the purposes for the processing of my personal data and whether it is used under these purposes.\" \/><\/span><\/span><\/span><\/td>\n<\/tr>\n<tr>\n<td>4) If my personal data is transferred, I would like to know all the third parties to which it is transferred.<\/td>\n<td width=\"30\"><span class=\"wpcf7-form-control-wrap konu_4\"><span class=\"wpcf7-form-control wpcf7-checkbox wpcf7-validates-as-required\"><span class=\"wpcf7-list-item first last\"><span class=\"wpcf7-list-item-label\">If my personal data is transferred, I would like to know all the third parties to which it is transferred.<\/span><input type=\"checkbox\" name=\"konu_4[]\" value=\"If my personal data is transferred, I would like to know all the third parties to which it is transferred.\" \/><\/span><\/span><\/span><\/td>\n<\/tr>\n<tr>\n<td>5) I would like the rectification of my personal data which I think is processed incorrectly or incompletely.<br><i>(The content of personal data requested to be rectified and the correct and supplementary information that correct or complete the incorrect\/incomplete data should be sent to us if requested.)<\/i><\/td>\n<td width=\"30\"><span class=\"wpcf7-form-control-wrap konu_5\"><span class=\"wpcf7-form-control wpcf7-checkbox wpcf7-validates-as-required\"><span class=\"wpcf7-list-item first last\"><span class=\"wpcf7-list-item-label\">I would like the rectification of my personal data which I think is processed incorrectly or incompletely.<\/span><input type=\"checkbox\" name=\"konu_5[]\" value=\"I would like the rectification of my personal data which I think is processed incorrectly or incompletely.\" \/><\/span><\/span><\/span><\/td>\n<\/tr>\n<tr>\n<td>6) I would like my personal data to be deleted\/destroyed as I think the reasons for processing have disappeared.<br><i>(If requested, explanatory information and documents regarding the disappearance of the reason for the processing of your personal data at our company should be sent to us.)<\/i><\/td>\n<td width=\"30\"><span class=\"wpcf7-form-control-wrap konu_6\"><span class=\"wpcf7-form-control wpcf7-checkbox wpcf7-validates-as-required\"><span class=\"wpcf7-list-item first last\"><span class=\"wpcf7-list-item-label\">I would like my personal data to be deleted\/destroyed as I think the reasons for processing have disappeared.<\/span><input type=\"checkbox\" name=\"konu_6[]\" value=\"I would like my personal data to be deleted\/destroyed as I think the reasons for processing have disappeared.\" \/><\/span><\/span><\/span><\/td>\n<\/tr>\n<tr>\n<td>7) I would like the third parties to which my personal data has been transferred to be notified that my personal data will be rectified\/deleted\/destroyed if the conditions are met.<br><i>(The content of personal data requested to be rectified and the correct and supplementary information that will correct or complete the incorrect\/incomplete data or explanatory information and documents indicating that the reasons for processing your personal data have disappeared should be sent to us if requested.)<\/i><\/td>\n<td width=\"30\"><span class=\"wpcf7-form-control-wrap konu_7\"><span class=\"wpcf7-form-control wpcf7-checkbox wpcf7-validates-as-required\"><span class=\"wpcf7-list-item first last\"><span class=\"wpcf7-list-item-label\">Ki\u015fisel verilerimin \u015fartlar\u0131 ger\u00e7ekle\u015fti\u011fi takdirde d\u00fczeltilmesi\/silinmesi\/yok edilmesi i\u015flemlerinin verilerimin aktar\u0131ld\u0131\u011f\u0131 \u00fc\u00e7\u00fcnc\u00fc ki\u015filere aktar\u0131lmas\u0131n\u0131 istiyorum.<\/span><input type=\"checkbox\" name=\"konu_7[]\" value=\"Ki\u015fisel verilerimin \u015fartlar\u0131 ger\u00e7ekle\u015fti\u011fi takdirde d\u00fczeltilmesi\/silinmesi\/yok edilmesi i\u015flemlerinin verilerimin aktar\u0131ld\u0131\u011f\u0131 \u00fc\u00e7\u00fcnc\u00fc ki\u015filere aktar\u0131lmas\u0131n\u0131 istiyorum.\" \/><\/span><\/span><\/span><\/td>\n<\/tr>\n<tr>\n<td>8) I think my personal data is processed by automated means and I would like to object to outcome against me.<br><i>(If requested, explanatory information and documents on how and which processing activities have affected you should be sent to us.)<\/i><\/td>\n<td width=\"30\"><span class=\"wpcf7-form-control-wrap konu_8\"><span class=\"wpcf7-form-control wpcf7-checkbox wpcf7-validates-as-required\"><span class=\"wpcf7-list-item first last\"><span class=\"wpcf7-list-item-label\">I think my personal data is processed by automated means and I would like to object to outcome against me.<\/span><input type=\"checkbox\" name=\"konu_8[]\" value=\"I think my personal data is processed by automated means and I would like to object to outcome against me.\" \/><\/span><\/span><\/span><\/td>\n<\/tr>\n<tr>\n<td>9) I think my personal data is processed unlawfully and I request that the damages I have suffered to be compensated.<br><i>(If requested, information and documents describing the damage you have suffered should be sent to us.)<\/i><\/td>\n<td width=\"30\"><span class=\"wpcf7-form-control-wrap konu_9\"><span class=\"wpcf7-form-control wpcf7-checkbox wpcf7-validates-as-required\"><span class=\"wpcf7-list-item first last\"><span class=\"wpcf7-list-item-label\">I think my personal data is processed unlawfully and I request that the damages I have suffered to be compensated.<\/span><input type=\"checkbox\" name=\"konu_9[]\" value=\"I think my personal data is processed unlawfully and I request that the damages I have suffered to be compensated.\" \/><\/span><\/span><\/span><\/td>\n<\/tr>\n<\/table>\n<\/td>\n<\/tr>\n<tr>\n<td colspan=\"2\" class=\"baslik\">4.YOUR REQUEST UNDER THE LAW (PLEASE EXPLAIN IN DETAIL)<\/td>\n<\/tr>\n<tr>\n<td colspan=\"2\"><span class=\"wpcf7-form-control-wrap kanunkapsamindakitalep\"><textarea name=\"kanunkapsamindakitalep\" cols=\"40\" rows=\"10\" class=\"wpcf7-form-control wpcf7-textarea wpcf7-validates-as-required\" aria-required=\"true\" aria-invalid=\"false\" placeholder=\"Enter your request in this field..\"><\/textarea><\/span><\/td>\n<\/tr>\n<tr>\n<td colspan=\"2\" class=\"baslik\">5. PLEASE SELECT THE METHOD OF NOTIFYING THE RESPONSES TO YOUR APPLICATION<\/td>\n<\/tr>\n<tr>\n<td colspan=\"2\"><span class=\"wpcf7-form-control-wrap iletisimturu\"><span class=\"wpcf7-form-control wpcf7-radio\"><span class=\"wpcf7-list-item first\"><input type=\"radio\" name=\"iletisimturu\" value=\"I would like to have it sent to my address that I stated above.\" checked=\"checked\" \/><span class=\"wpcf7-list-item-label\">I would like to have it sent to my address that I stated above.<\/span><\/span><span class=\"wpcf7-list-item\"><input type=\"radio\" name=\"iletisimturu\" value=\"I would like to have it sent to my e-mail address that I stated above. (The response will be faster if the e-mail method is selected.)\" \/><span class=\"wpcf7-list-item-label\">I would like to have it sent to my e-mail address that I stated above. (The response will be faster if the e-mail method is selected.)<\/span><\/span><span class=\"wpcf7-list-item last\"><input type=\"radio\" name=\"iletisimturu\" value=\"I would like to receive it in person. (In case of deliveries by proxy, a notarized warrant or a certificate of authorization is required.)\" \/><span class=\"wpcf7-list-item-label\">I would like to receive it in person. (In case of deliveries by proxy, a notarized warrant or a certificate of authorization is required.)<\/span><\/span><\/span><\/span><\/td>\n<\/tr>\n<tr>\n<td colspan=\"2\" class=\"baslik\">6. EXPLANATIONS<\/td>\n<\/tr>\n<tr>\n<td colspan=\"2\">\n<p>This application form has been prepared to determine your relationship with our Company and to give the most appropriate response to your request by identifying your personal data processed by our Company completely and accurately. Since unauthorized obtaining of personal data of others may constitute a crime, our Company reserves the right to request additional information and documents (identity card, etc.) from you for identification purposes to ensure personal data security. The information provided within the form must be accurate and up-to-date, and our Company accepts no liability for errors that may result from incorrect and\/or incomplete information or unauthorized application. <\/p>\n<p>\nYour personal data in the form is processed by partly automated means to evaluate your requests and applications within the scope of the Personal Data Protection Law No: 6698 and to contact you when necessary, based on the cause of action \u201cit is expressly permitted by any law\u201d set out in the Article 5 of the related Law.<\/p>\n<p>\nIt is recommended to write \u201cRequest of Data Subject under Personal Data Protection Law\u201d on the notification form of the application or in the subject of the e-mail containing the request.\n<\/p>\n<\/td>\n<\/tr>\n<tr>\n<td colspan=\"2\" class=\"baslik\">7. DECLARATION OF THE APPLICANT<\/td>\n<\/tr>\n<tr>\n<td colspan=\"2\">\n<p>In line with the demands above, I would like to be informed about my application to Volt Elektrik Motor Sanayi ve Ticaret A.\u015e. to be considered under Personal Data Protection Law No. 6698.<\/p>\n<\/td>\n<\/tr>\n<tr>\n<td colspan=\"2\" class=\"baslik\">APPLICANT<\/td>\n<\/tr>\n<tr>\n<td width=\"200\">Ad\u0131n\u0131z Soyad\u0131n\u0131z<\/td>\n<td><span class=\"wpcf7-form-control-wrap basvuru_adsoyad\"><input type=\"text\" name=\"basvuru_adsoyad\" value=\"\" size=\"40\" class=\"wpcf7-form-control wpcf7-text wpcf7-validates-as-required\" aria-required=\"true\" aria-invalid=\"false\" placeholder=\"Name-Surname\" \/><\/span><\/td>\n<\/tr>\n<tr>\n<td width=\"200\">Tarih<\/td>\n<td><span class=\"wpcf7-form-control-wrap basvurutarih\"><input type=\"date\" name=\"basvurutarih\" value=\"\" class=\"wpcf7-form-control wpcf7-date wpcf7-validates-as-required wpcf7-validates-as-date\" id=\"dates\" aria-required=\"true\" aria-invalid=\"false\" placeholder=\"Date\" \/><\/span><\/td>\n<\/tr>\n<tr>\n<td colspan=\"2\">[anr_nocaptcha g-recaptcha-response]<\/td>\n<\/tr>\n<tr>\n<td colspan=\"2\"><input type=\"submit\" value=\"Apply\" class=\"wpcf7-form-control has-spinner wpcf7-submit\" \/><\/td>\n<\/tr>\n<\/table>\n<p style=\"display: none !important;\" class=\"akismet-fields-container\" data-prefix=\"_wpcf7_ak_\"><label>&#916;<textarea name=\"_wpcf7_ak_hp_textarea\" cols=\"45\" rows=\"8\" maxlength=\"100\"><\/textarea><\/label><input type=\"hidden\" id=\"ak_js_1\" name=\"_wpcf7_ak_js\" value=\"191\"\/><script>document.getElementById( \"ak_js_1\" ).setAttribute( \"value\", ( new Date() ).getTime() );<\/script><\/p><input type='hidden' class='wpcf7-pum' value='{\"closepopup\":false,\"closedelay\":0,\"openpopup\":false,\"openpopup_id\":0}' \/><div class=\"wpcf7-response-output\" aria-hidden=\"true\"><\/div><\/form><\/div>[\/vc_column][\/vc_row]<\/p>\n","protected":false},"excerpt":{"rendered":"<p>[vc_row css_animation=&#8221;&#8221; row_type=&#8221;row&#8221; use_row_as_full_screen_section=&#8221;no&#8221; type=&#8221;full_width&#8221; angled_section=&#8221;no&#8221; text_align=&#8221;left&#8221; background_image_as_pattern=&#8221;without_pattern&#8221; padding_bottom=&#8221;10&#8243;][vc_column][vc_column_text el_class=&#8221;corpinside_title_bg&#8221;][\/vc_column_text][vc_separator type=&#8221;transparent&#8221; up=&#8221;12&#8243; down=&#8221;12&#8243;][\/vc_column][\/vc_row][vc_row css_animation=&#8221;&#8221; row_type=&#8221;row&#8221; use_row_as_full_screen_section=&#8221;no&#8221; type=&#8221;full_width&#8221; angled_section=&#8221;no&#8221; text_align=&#8221;left&#8221; background_image_as_pattern=&#8221;without_pattern&#8221; padding_bottom=&#8221;50&#8243;][vc_column width=&#8221;1\/4&#8243; el_class=&#8221;solmenu&#8221;][vc_widget_sidebar sidebar_id=&#8221;KVK_Bar&#8221;][\/vc_column][vc_column width=&#8221;3\/4&#8243;][\/vc_column][\/vc_row]<\/p>\n","protected":false},"author":1,"featured_media":0,"parent":0,"menu_order":0,"comment_status":"closed","ping_status":"closed","template":"","meta":{"_exactmetrics_skip_tracking":false,"_exactmetrics_sitenote_active":false,"_exactmetrics_sitenote_note":"","_exactmetrics_sitenote_category":0,"footnotes":""},"acf":[],"_links":{"self":[{"href":"https:\/\/voltmotor.com.tr\/en\/wp-json\/wp\/v2\/pages\/25469"}],"collection":[{"href":"https:\/\/voltmotor.com.tr\/en\/wp-json\/wp\/v2\/pages"}],"about":[{"href":"https:\/\/voltmotor.com.tr\/en\/wp-json\/wp\/v2\/types\/page"}],"author":[{"embeddable":true,"href":"https:\/\/voltmotor.com.tr\/en\/wp-json\/wp\/v2\/users\/1"}],"replies":[{"embeddable":true,"href":"https:\/\/voltmotor.com.tr\/en\/wp-json\/wp\/v2\/comments?post=25469"}],"version-history":[{"count":0,"href":"https:\/\/voltmotor.com.tr\/en\/wp-json\/wp\/v2\/pages\/25469\/revisions"}],"wp:attachment":[{"href":"https:\/\/voltmotor.com.tr\/en\/wp-json\/wp\/v2\/media?parent=25469"}],"curies":[{"name":"wp","href":"https:\/\/api.w.org\/{rel}","templated":true}]}}